{"id":1133,"date":"2021-07-12T14:36:55","date_gmt":"2021-07-12T14:36:55","guid":{"rendered":"http:\/\/kordatattoo.com\/?page_id=1133"},"modified":"2024-12-10T23:30:31","modified_gmt":"2024-12-10T23:30:31","slug":"tattoo-full-day-session","status":"publish","type":"page","link":"https:\/\/kordatattoo.com\/de\/tattoo-full-day-session\/","title":{"rendered":"Tagessitzung"},"content":{"rendered":"<div data-elementor-type=\"wp-page\" data-elementor-id=\"1133\" class=\"elementor elementor-1133\" data-elementor-post-type=\"page\">\n\t\t\t\t<div class=\"has_eae_slider elementor-element elementor-element-751c7e96 e-flex e-con-boxed e-con e-parent\" data-eae-slider=\"2497\" data-id=\"751c7e96\" data-element_type=\"container\" data-e-type=\"container\">\n\t\t\t\t\t<div class=\"e-con-inner\">\n\t\t\t\t<div class=\"elementor-element elementor-element-1b265297 elementor-widget elementor-widget-text-editor\" data-id=\"1b265297\" data-element_type=\"widget\" data-e-type=\"widget\" data-widget_type=\"text-editor.default\">\n\t\t\t\t<div class=\"elementor-widget-container\"><p class=\"has-text-align-center\" style=\"font-size: 25px;\">What is a full day session?<\/p><p class=\"has-text-align-center\"><br \/>Tagessitzung beinhaltet einen ganzen Tag mit uns im Studio. Er beginnt in der Regel um 11:00 Uhr und endet gegen 18.00 Uhr und umfasst bis zu 5 Stunden T\u00e4towieren. Die restliche Zeit wird f\u00fcr den Designprozess, Pausen und eine Fotosession verwendet.<\/p><p class=\"has-text-align-center\">Die Gr\u00f6sse der T\u00e4towierung, die in diesem Zeitraum durchgef\u00fchrt werden kann, h\u00e4ngt von der Komplexit\u00e4t des Designs ab.<\/p><p>\u00a0<\/p><p class=\"has-text-align-right\">P.s. Es beinhaltet kostenlosen Kaffee, Softdrinks und mehr...<\/p><p class=\"has-text-align-center\">Hier sehen Sie einige Beispiele von Tattoos, die in einer Tagesitzung in unserem Studio gemacht wurden, damit Sie eine Vorstellung davon bekommen, was Sie von einer Tagesitzung erwarten k\u00f6nnen.<\/p><p class=\"has-text-align-center\">\u00a0<\/p><h2 class=\"wp-block-heading\">\u00a0<\/h2><h2 class=\"wp-block-heading\">\u00a0<\/h2><\/div>\n\t\t\t\t<\/div>\n\t\t\t\t<div class=\"elementor-element elementor-element-ca5c5a8 gallery-spacing-custom elementor-widget elementor-widget-image-gallery\" data-id=\"ca5c5a8\" data-element_type=\"widget\" data-e-type=\"widget\" data-widget_type=\"image-gallery.default\">\n\t\t\t\t<div class=\"elementor-widget-container\">\n\t\t\t\t\t\t\t<div class=\"elementor-image-gallery\">\n\t\t\t<div id='gallery-1' class='gallery galleryid-1133 gallery-columns-3 gallery-size-medium'><figure class='gallery-item'>\n\t\t\t<div class='gallery-icon landscape'>\n\t\t\t\t<a data-elementor-open-lightbox=\"yes\" data-elementor-lightbox-slideshow=\"ca5c5a8\" data-elementor-lightbox-title=\"Greek Tattoo Conceptual\" data-e-action-hash=\"#elementor-action%3Aaction%3Dlightbox%26settings%3DeyJpZCI6NDgwOSwidXJsIjoiaHR0cHM6XC9cL2tvcmRhdGF0dG9vLmNvbVwvd3AtY29udGVudFwvdXBsb2Fkc1wvMjAyNFwvMTJcL1RBVF84MjMxLTUuanBnIiwic2xpZGVzaG93IjoiY2E1YzVhOCJ9\" href='https:\/\/kordatattoo.com\/wp-content\/uploads\/2024\/12\/TAT_8231-5.jpg'><img fetchpriority=\"high\" decoding=\"async\" width=\"300\" height=\"300\" src=\"https:\/\/kordatattoo.com\/wp-content\/uploads\/2024\/12\/TAT_8231-5-300x300.jpg\" class=\"attachment-medium size-medium\" alt=\"Greek Conceptual Tattoo, Realistic black and gray\" aria-describedby=\"gallery-1-4809\" srcset=\"https:\/\/kordatattoo.com\/wp-content\/uploads\/2024\/12\/TAT_8231-5-300x300.jpg 300w, https:\/\/kordatattoo.com\/wp-content\/uploads\/2024\/12\/TAT_8231-5-1024x1024.jpg 1024w, https:\/\/kordatattoo.com\/wp-content\/uploads\/2024\/12\/TAT_8231-5-150x150.jpg 150w, https:\/\/kordatattoo.com\/wp-content\/uploads\/2024\/12\/TAT_8231-5-768x768.jpg 768w, https:\/\/kordatattoo.com\/wp-content\/uploads\/2024\/12\/TAT_8231-5-1536x1536.jpg 1536w, https:\/\/kordatattoo.com\/wp-content\/uploads\/2024\/12\/TAT_8231-5-12x12.jpg 12w, https:\/\/kordatattoo.com\/wp-content\/uploads\/2024\/12\/TAT_8231-5-600x600.jpg 600w, https:\/\/kordatattoo.com\/wp-content\/uploads\/2024\/12\/TAT_8231-5-100x100.jpg 100w, https:\/\/kordatattoo.com\/wp-content\/uploads\/2024\/12\/elementor\/thumbs\/TAT_8231-5-qxvyzgyijqydjwfjmfgtlw0lj53oktetymyvz3nn34.jpg 400w, https:\/\/kordatattoo.com\/wp-content\/uploads\/2024\/12\/elementor\/thumbs\/TAT_8231-5-qxvyzgym7bbodwwqv62by4jon5qkk31zm0qefb3b6g.jpg 700w, https:\/\/kordatattoo.com\/wp-content\/uploads\/2024\/12\/TAT_8231-5.jpg 1920w\" sizes=\"(max-width: 300px) 100vw, 300px\" \/><\/a>\n\t\t\t<\/div>\n\t\t\t\t<figcaption class='wp-caption-text gallery-caption' id='gallery-1-4809'>\n\t\t\t\tMicro realism &#8211; Fineline\n\t\t\t\t<\/figcaption><\/figure><figure class='gallery-item'>\n\t\t\t<div class='gallery-icon landscape'>\n\t\t\t\t<a data-elementor-open-lightbox=\"yes\" data-elementor-lightbox-slideshow=\"ca5c5a8\" data-elementor-lightbox-title=\"TAT_8323-1\" data-e-action-hash=\"#elementor-action%3Aaction%3Dlightbox%26settings%3DeyJpZCI6NDgxMCwidXJsIjoiaHR0cHM6XC9cL2tvcmRhdGF0dG9vLmNvbVwvd3AtY29udGVudFwvdXBsb2Fkc1wvMjAyNFwvMTJcL1RBVF84MzIzLTEuanBnIiwic2xpZGVzaG93IjoiY2E1YzVhOCJ9\" href='https:\/\/kordatattoo.com\/wp-content\/uploads\/2024\/12\/TAT_8323-1.jpg'><img decoding=\"async\" width=\"300\" height=\"300\" src=\"https:\/\/kordatattoo.com\/wp-content\/uploads\/2024\/12\/TAT_8323-1-300x300.jpg\" class=\"attachment-medium size-medium\" alt=\"Tattoo\" srcset=\"https:\/\/kordatattoo.com\/wp-content\/uploads\/2024\/12\/TAT_8323-1-300x300.jpg 300w, https:\/\/kordatattoo.com\/wp-content\/uploads\/2024\/12\/TAT_8323-1-1024x1024.jpg 1024w, https:\/\/kordatattoo.com\/wp-content\/uploads\/2024\/12\/TAT_8323-1-150x150.jpg 150w, https:\/\/kordatattoo.com\/wp-content\/uploads\/2024\/12\/TAT_8323-1-768x768.jpg 768w, https:\/\/kordatattoo.com\/wp-content\/uploads\/2024\/12\/TAT_8323-1-1536x1536.jpg 1536w, https:\/\/kordatattoo.com\/wp-content\/uploads\/2024\/12\/TAT_8323-1-12x12.jpg 12w, https:\/\/kordatattoo.com\/wp-content\/uploads\/2024\/12\/TAT_8323-1-600x600.jpg 600w, https:\/\/kordatattoo.com\/wp-content\/uploads\/2024\/12\/TAT_8323-1-100x100.jpg 100w, https:\/\/kordatattoo.com\/wp-content\/uploads\/2024\/12\/TAT_8323-1.jpg 1920w\" sizes=\"(max-width: 300px) 100vw, 300px\"><\/a>\n\t\t\t<\/div><\/figure><figure class='gallery-item'>\n\t\t\t<div class='gallery-icon landscape'>\n\t\t\t\t<a data-elementor-open-lightbox=\"yes\" data-elementor-lightbox-slideshow=\"ca5c5a8\" data-elementor-lightbox-title=\"97.jpg\" data-e-action-hash=\"#elementor-action%3Aaction%3Dlightbox%26settings%3DeyJpZCI6NDgwNSwidXJsIjoiaHR0cHM6XC9cL2tvcmRhdGF0dG9vLmNvbVwvd3AtY29udGVudFwvdXBsb2Fkc1wvMjAyNFwvMTJcLzk3LmpwZy53ZWJwIiwic2xpZGVzaG93IjoiY2E1YzVhOCJ9\" href='https:\/\/kordatattoo.com\/wp-content\/uploads\/2024\/12\/97.jpg.webp'><img decoding=\"async\" width=\"300\" height=\"300\" src=\"https:\/\/kordatattoo.com\/wp-content\/uploads\/2024\/12\/97.jpg-300x300.webp\" class=\"attachment-medium size-medium\" alt=\"Tattoo\" srcset=\"https:\/\/kordatattoo.com\/wp-content\/uploads\/2024\/12\/97.jpg-300x300.webp 300w, https:\/\/kordatattoo.com\/wp-content\/uploads\/2024\/12\/97.jpg-1024x1024.webp 1024w, https:\/\/kordatattoo.com\/wp-content\/uploads\/2024\/12\/97.jpg-150x150.webp 150w, https:\/\/kordatattoo.com\/wp-content\/uploads\/2024\/12\/97.jpg-768x768.webp 768w, https:\/\/kordatattoo.com\/wp-content\/uploads\/2024\/12\/97.jpg-1536x1536.webp 1536w, https:\/\/kordatattoo.com\/wp-content\/uploads\/2024\/12\/97.jpg-12x12.webp 12w, https:\/\/kordatattoo.com\/wp-content\/uploads\/2024\/12\/97.jpg-600x600.webp 600w, https:\/\/kordatattoo.com\/wp-content\/uploads\/2024\/12\/97.jpg-100x100.webp 100w, https:\/\/kordatattoo.com\/wp-content\/uploads\/2024\/12\/97.jpg.webp 1920w\" sizes=\"(max-width: 300px) 100vw, 300px\"><\/a>\n\t\t\t<\/div><\/figure><figure class='gallery-item'>\n\t\t\t<div class='gallery-icon landscape'>\n\t\t\t\t<a data-elementor-open-lightbox=\"yes\" data-elementor-lightbox-slideshow=\"ca5c5a8\" data-elementor-lightbox-title=\"89.jpg\" data-e-action-hash=\"#elementor-action%3Aaction%3Dlightbox%26settings%3DeyJpZCI6NDc5NywidXJsIjoiaHR0cHM6XC9cL2tvcmRhdGF0dG9vLmNvbVwvd3AtY29udGVudFwvdXBsb2Fkc1wvMjAyNFwvMTJcLzg5LmpwZy53ZWJwIiwic2xpZGVzaG93IjoiY2E1YzVhOCJ9\" href='https:\/\/kordatattoo.com\/wp-content\/uploads\/2024\/12\/89.jpg.webp'><img loading=\"lazy\" decoding=\"async\" width=\"300\" height=\"300\" src=\"https:\/\/kordatattoo.com\/wp-content\/uploads\/2024\/12\/89.jpg-300x300.webp\" class=\"attachment-medium size-medium\" alt=\"Tattoo\" srcset=\"https:\/\/kordatattoo.com\/wp-content\/uploads\/2024\/12\/89.jpg-300x300.webp 300w, https:\/\/kordatattoo.com\/wp-content\/uploads\/2024\/12\/89.jpg-1024x1024.webp 1024w, https:\/\/kordatattoo.com\/wp-content\/uploads\/2024\/12\/89.jpg-150x150.webp 150w, https:\/\/kordatattoo.com\/wp-content\/uploads\/2024\/12\/89.jpg-768x768.webp 768w, https:\/\/kordatattoo.com\/wp-content\/uploads\/2024\/12\/89.jpg-1536x1536.webp 1536w, https:\/\/kordatattoo.com\/wp-content\/uploads\/2024\/12\/89.jpg-12x12.webp 12w, https:\/\/kordatattoo.com\/wp-content\/uploads\/2024\/12\/89.jpg-600x600.webp 600w, https:\/\/kordatattoo.com\/wp-content\/uploads\/2024\/12\/89.jpg-100x100.webp 100w, https:\/\/kordatattoo.com\/wp-content\/uploads\/2024\/12\/89.jpg.webp 1920w\" sizes=\"(max-width: 300px) 100vw, 300px\"><\/a>\n\t\t\t<\/div><\/figure><figure class='gallery-item'>\n\t\t\t<div class='gallery-icon landscape'>\n\t\t\t\t<a data-elementor-open-lightbox=\"yes\" data-elementor-lightbox-slideshow=\"ca5c5a8\" data-elementor-lightbox-title=\"87.jpg\" data-e-action-hash=\"#elementor-action%3Aaction%3Dlightbox%26settings%3DeyJpZCI6NDc5NSwidXJsIjoiaHR0cHM6XC9cL2tvcmRhdGF0dG9vLmNvbVwvd3AtY29udGVudFwvdXBsb2Fkc1wvMjAyNFwvMTJcLzg3LmpwZy53ZWJwIiwic2xpZGVzaG93IjoiY2E1YzVhOCJ9\" href='https:\/\/kordatattoo.com\/wp-content\/uploads\/2024\/12\/87.jpg.webp'><img loading=\"lazy\" decoding=\"async\" width=\"300\" height=\"300\" src=\"https:\/\/kordatattoo.com\/wp-content\/uploads\/2024\/12\/87.jpg-300x300.webp\" class=\"attachment-medium size-medium\" alt=\"Tattoo\" srcset=\"https:\/\/kordatattoo.com\/wp-content\/uploads\/2024\/12\/87.jpg-300x300.webp 300w, https:\/\/kordatattoo.com\/wp-content\/uploads\/2024\/12\/87.jpg-1024x1024.webp 1024w, https:\/\/kordatattoo.com\/wp-content\/uploads\/2024\/12\/87.jpg-150x150.webp 150w, https:\/\/kordatattoo.com\/wp-content\/uploads\/2024\/12\/87.jpg-768x768.webp 768w, https:\/\/kordatattoo.com\/wp-content\/uploads\/2024\/12\/87.jpg-1536x1536.webp 1536w, https:\/\/kordatattoo.com\/wp-content\/uploads\/2024\/12\/87.jpg-12x12.webp 12w, https:\/\/kordatattoo.com\/wp-content\/uploads\/2024\/12\/87.jpg-600x600.webp 600w, https:\/\/kordatattoo.com\/wp-content\/uploads\/2024\/12\/87.jpg-100x100.webp 100w, https:\/\/kordatattoo.com\/wp-content\/uploads\/2024\/12\/87.jpg.webp 1920w\" sizes=\"(max-width: 300px) 100vw, 300px\"><\/a>\n\t\t\t<\/div><\/figure><figure class='gallery-item'>\n\t\t\t<div class='gallery-icon landscape'>\n\t\t\t\t<a data-elementor-open-lightbox=\"yes\" data-elementor-lightbox-slideshow=\"ca5c5a8\" data-elementor-lightbox-title=\"61.jpg\" data-e-action-hash=\"#elementor-action%3Aaction%3Dlightbox%26settings%3DeyJpZCI6NDc2OCwidXJsIjoiaHR0cHM6XC9cL2tvcmRhdGF0dG9vLmNvbVwvd3AtY29udGVudFwvdXBsb2Fkc1wvMjAyNFwvMTJcLzYxLmpwZy53ZWJwIiwic2xpZGVzaG93IjoiY2E1YzVhOCJ9\" href='https:\/\/kordatattoo.com\/wp-content\/uploads\/2024\/12\/61.jpg.webp'><img loading=\"lazy\" decoding=\"async\" width=\"300\" height=\"300\" src=\"https:\/\/kordatattoo.com\/wp-content\/uploads\/2024\/12\/61.jpg-300x300.webp\" class=\"attachment-medium size-medium\" alt=\"Realistic old sailor smoking a pipe tattoo\" aria-describedby=\"gallery-1-4768\" srcset=\"https:\/\/kordatattoo.com\/wp-content\/uploads\/2024\/12\/61.jpg-300x300.webp 300w, https:\/\/kordatattoo.com\/wp-content\/uploads\/2024\/12\/61.jpg-1024x1024.webp 1024w, https:\/\/kordatattoo.com\/wp-content\/uploads\/2024\/12\/61.jpg-150x150.webp 150w, https:\/\/kordatattoo.com\/wp-content\/uploads\/2024\/12\/61.jpg-768x768.webp 768w, https:\/\/kordatattoo.com\/wp-content\/uploads\/2024\/12\/61.jpg-1536x1536.webp 1536w, https:\/\/kordatattoo.com\/wp-content\/uploads\/2024\/12\/61.jpg-12x12.webp 12w, https:\/\/kordatattoo.com\/wp-content\/uploads\/2024\/12\/61.jpg-600x600.webp 600w, https:\/\/kordatattoo.com\/wp-content\/uploads\/2024\/12\/61.jpg-100x100.webp 100w, https:\/\/kordatattoo.com\/wp-content\/uploads\/2024\/12\/61.jpg.webp 1920w\" sizes=\"(max-width: 300px) 100vw, 300px\" \/><\/a>\n\t\t\t<\/div>\n\t\t\t\t<figcaption class='wp-caption-text gallery-caption' id='gallery-1-4768'>\n\t\t\t\tRealistic\n\t\t\t\t<\/figcaption><\/figure>\n\t\t<\/div>\n\t\t<\/div>\n\t\t\t\t\t\t<\/div>\n\t\t\t\t<\/div>\n\t\t\t\t<div class=\"elementor-element elementor-element-9467a0a elementor-widget elementor-widget-text-editor\" data-id=\"9467a0a\" data-element_type=\"widget\" data-e-type=\"widget\" data-widget_type=\"text-editor.default\">\n\t\t\t\t<div class=\"elementor-widget-container\"><p class=\"has-text-align-center\">Senden Sie uns noch heute eine Nachricht, um Ihren Termin zu buchen.<\/p>\n<p><\/p>\n<p class=\"has-text-align-center\">Wir freuen uns darauf, Ihr Traum-Tattoo Wirklichkeit werden zu lassen!<\/p><\/div>\n\t\t\t\t<\/div>\n\t\t\t\t\t<\/div>\n\t\t\t\t<\/div>\t\t<\/div>","protected":false},"excerpt":{"rendered":"<p>What is a full day session? Full day session includes a full day of hanging out with us in the shop. It usually starts at 11:00 and ends around 18.00, and includes up to 5 hours of tattooing. The rest of the time is spent on the design process, breaks, and a photo session. The [&hellip;]<\/p>\n","protected":false},"author":119255641,"featured_media":0,"parent":0,"menu_order":0,"comment_status":"closed","ping_status":"closed","template":"","meta":{"footnotes":""},"class_list":["post-1133","page","type-page","status-publish","hentry"],"blocksy_meta":[],"_links":{"self":[{"href":"https:\/\/kordatattoo.com\/de\/wp-json\/wp\/v2\/pages\/1133","targetHints":{"allow":["GET"]}}],"collection":[{"href":"https:\/\/kordatattoo.com\/de\/wp-json\/wp\/v2\/pages"}],"about":[{"href":"https:\/\/kordatattoo.com\/de\/wp-json\/wp\/v2\/types\/page"}],"author":[{"embeddable":true,"href":"https:\/\/kordatattoo.com\/de\/wp-json\/wp\/v2\/users\/119255641"}],"replies":[{"embeddable":true,"href":"https:\/\/kordatattoo.com\/de\/wp-json\/wp\/v2\/comments?post=1133"}],"version-history":[{"count":23,"href":"https:\/\/kordatattoo.com\/de\/wp-json\/wp\/v2\/pages\/1133\/revisions"}],"predecessor-version":[{"id":5077,"href":"https:\/\/kordatattoo.com\/de\/wp-json\/wp\/v2\/pages\/1133\/revisions\/5077"}],"wp:attachment":[{"href":"https:\/\/kordatattoo.com\/de\/wp-json\/wp\/v2\/media?parent=1133"}],"curies":[{"name":"wp","href":"https:\/\/api.w.org\/{rel}","templated":true}]}}