{"id":68,"date":"2017-04-20T12:22:42","date_gmt":"2017-04-20T12:22:42","guid":{"rendered":"http:\/\/kordatattoo.com\/?page_id=68"},"modified":"2024-12-10T23:33:33","modified_gmt":"2024-12-10T23:33:33","slug":"home-2-2","status":"publish","type":"page","link":"https:\/\/kordatattoo.com\/de\/home-2-2\/","title":{"rendered":"PIERCING"},"content":{"rendered":"<div data-elementor-type=\"wp-page\" data-elementor-id=\"68\" class=\"elementor elementor-68\" data-elementor-post-type=\"page\">\n\t\t\t\t\t\t<section class=\"has_eae_slider elementor-section elementor-top-section elementor-element elementor-element-7b4ac9e elementor-section-height-min-height elementor-section-items-bottom ct-section-stretched elementor-section-boxed elementor-section-height-default\" data-eae-slider=\"84653\" data-id=\"7b4ac9e\" data-element_type=\"section\" data-e-type=\"section\" data-settings=\"{&quot;background_background&quot;:&quot;classic&quot;}\">\n\t\t\t\t\t\t\t<div class=\"elementor-background-overlay\"><\/div>\n\t\t\t\t\t\t\t<div class=\"elementor-container elementor-column-gap-default\">\n\t\t\t\t\t<div class=\"has_eae_slider elementor-column elementor-col-100 elementor-top-column elementor-element elementor-element-21c8cef\" data-eae-slider=\"56930\" data-id=\"21c8cef\" data-element_type=\"column\" data-e-type=\"column\">\n\t\t\t<div class=\"elementor-widget-wrap elementor-element-populated\">\n\t\t\t\t\t\t<div class=\"elementor-element elementor-element-7da2e64 elementor-invisible elementor-widget elementor-widget-heading\" data-id=\"7da2e64\" data-element_type=\"widget\" data-e-type=\"widget\" data-settings=\"{&quot;_animation&quot;:&quot;fadeIn&quot;}\" data-widget_type=\"heading.default\">\n\t\t\t\t<div class=\"elementor-widget-container\">\n\t\t\t\t\t<h1 class=\"elementor-heading-title elementor-size-default\">ICONIC PIERCINGS<\/h1>\t\t\t\t<\/div>\n\t\t\t\t<\/div>\n\t\t\t\t<div class=\"elementor-element elementor-element-bccf8bc elementor-invisible elementor-widget elementor-widget-heading\" data-id=\"bccf8bc\" data-element_type=\"widget\" data-e-type=\"widget\" data-settings=\"{&quot;_animation&quot;:&quot;fadeIn&quot;,&quot;_animation_delay&quot;:200}\" data-widget_type=\"heading.default\">\n\t\t\t\t<div class=\"elementor-widget-container\">\n\t\t\t\t\t<h1 class=\"elementor-heading-title elementor-size-default\">ENDLESS STYLE<\/h1>\t\t\t\t<\/div>\n\t\t\t\t<\/div>\n\t\t\t\t<div class=\"elementor-element elementor-element-86d6788 animated-fast elementor-invisible elementor-widget elementor-widget-heading\" data-id=\"86d6788\" data-element_type=\"widget\" data-e-type=\"widget\" data-settings=\"{&quot;_animation&quot;:&quot;fadeInDown&quot;,&quot;_animation_delay&quot;:400}\" data-widget_type=\"heading.default\">\n\t\t\t\t<div class=\"elementor-widget-container\">\n\t\t\t\t\t<h2 class=\"elementor-heading-title elementor-size-default\">For Everyone<\/h2>\t\t\t\t<\/div>\n\t\t\t\t<\/div>\n\t\t\t\t<div class=\"elementor-element elementor-element-8db8c16 elementor-widget elementor-widget-spacer\" data-id=\"8db8c16\" data-element_type=\"widget\" data-e-type=\"widget\" data-widget_type=\"spacer.default\">\n\t\t\t\t<div class=\"elementor-widget-container\">\n\t\t\t\t\t\t\t<div class=\"elementor-spacer\">\n\t\t\t<div class=\"elementor-spacer-inner\"><\/div>\n\t\t<\/div>\n\t\t\t\t\t\t<\/div>\n\t\t\t\t<\/div>\n\t\t\t\t<div class=\"elementor-element elementor-element-edf523c elementor-view-stacked elementor-shape-square elementor-invisible elementor-widget elementor-widget-icon\" data-id=\"edf523c\" data-element_type=\"widget\" data-e-type=\"widget\" data-settings=\"{&quot;_animation&quot;:&quot;slideInDown&quot;,&quot;_animation_delay&quot;:600}\" data-widget_type=\"icon.default\">\n\t\t\t\t<div class=\"elementor-widget-container\">\n\t\t\t\t\t\t\t<div class=\"elementor-icon-wrapper\">\n\t\t\t<a class=\"elementor-icon\" href=\"#barber-begin\">\n\t\t\t<svg aria-hidden=\"true\" class=\"e-font-icon-svg e-fas-arrows-alt-v\" viewbox=\"0 0 256 512\" xmlns=\"http:\/\/www.w3.org\/2000\/svg\"><path d=\"M214.059 377.941H168V134.059h46.059c21.382 0 32.09-25.851 16.971-40.971L144.971 7.029c-9.373-9.373-24.568-9.373-33.941 0L24.971 93.088c-15.119 15.119-4.411 40.971 16.971 40.971H88v243.882H41.941c-21.382 0-32.09 25.851-16.971 40.971l86.059 86.059c9.373 9.373 24.568 9.373 33.941 0l86.059-86.059c15.12-15.119 4.412-40.971-16.97-40.971z\"><\/path><\/svg>\t\t\t<\/a>\n\t\t<\/div>\n\t\t\t\t\t\t<\/div>\n\t\t\t\t<\/div>\n\t\t\t\t\t<\/div>\n\t\t<\/div>\n\t\t\t\t\t<\/div>\n\t\t<\/section>\n\t\t\t\t<section class=\"has_eae_slider elementor-section elementor-top-section elementor-element elementor-element-1207efb elementor-section-boxed elementor-section-height-default elementor-section-height-default\" data-eae-slider=\"55472\" data-id=\"1207efb\" data-element_type=\"section\" data-e-type=\"section\" data-settings=\"{&quot;background_background&quot;:&quot;classic&quot;}\">\n\t\t\t\t\t\t<div class=\"elementor-container elementor-column-gap-default\">\n\t\t\t\t\t<div class=\"has_eae_slider elementor-column elementor-col-50 elementor-top-column elementor-element elementor-element-38567e5\" data-eae-slider=\"89392\" data-id=\"38567e5\" data-element_type=\"column\" data-e-type=\"column\">\n\t\t\t<div class=\"elementor-widget-wrap elementor-element-populated\">\n\t\t\t\t\t\t<div class=\"elementor-element elementor-element-8e05174 elementor-widget elementor-widget-heading\" data-id=\"8e05174\" data-element_type=\"widget\" data-e-type=\"widget\" data-widget_type=\"heading.default\">\n\t\t\t\t<div class=\"elementor-widget-container\">\n\t\t\t\t\t<h3 class=\"elementor-heading-title elementor-size-default\">Best piercing service<\/h3>\t\t\t\t<\/div>\n\t\t\t\t<\/div>\n\t\t\t\t<div class=\"elementor-element elementor-element-ef6d3eb elementor-widget elementor-widget-heading\" data-id=\"ef6d3eb\" data-element_type=\"widget\" data-e-type=\"widget\" data-widget_type=\"heading.default\">\n\t\t\t\t<div class=\"elementor-widget-container\">\n\t\t\t\t\t<h3 class=\"elementor-heading-title elementor-size-default\">In z\u00fcrich city<\/h3>\t\t\t\t<\/div>\n\t\t\t\t<\/div>\n\t\t\t\t<div class=\"elementor-element elementor-element-025cfcc elementor-widget-divider--view-line elementor-invisible elementor-widget elementor-widget-divider\" data-id=\"025cfcc\" data-element_type=\"widget\" data-e-type=\"widget\" data-settings=\"{&quot;_animation&quot;:&quot;fadeInUp&quot;,&quot;_animation_delay&quot;:400}\" data-widget_type=\"divider.default\">\n\t\t\t\t<div class=\"elementor-widget-container\">\n\t\t\t\t\t\t\t<div class=\"elementor-divider\">\n\t\t\t<span class=\"elementor-divider-separator\">\n\t\t\t\t\t\t<\/span>\n\t\t<\/div>\n\t\t\t\t\t\t<\/div>\n\t\t\t\t<\/div>\n\t\t\t\t<div class=\"elementor-element elementor-element-54ea397 elementor-widget elementor-widget-text-editor\" data-id=\"54ea397\" data-element_type=\"widget\" data-e-type=\"widget\" data-widget_type=\"text-editor.default\">\n\t\t\t\t<div class=\"elementor-widget-container\">\n\t\t\t\t\t\t\t\t\t<p>Hier im Korda Tattoo Collective Z\u00fcrich achten wir sehr auf die Hygiene und die verwendeten Materialien beim Piercing.<\/p>\t\t\t\t\t\t\t\t<\/div>\n\t\t\t\t<\/div>\n\t\t\t\t<section class=\"has_eae_slider elementor-section elementor-inner-section elementor-element elementor-element-6df1964 elementor-section-boxed elementor-section-height-default elementor-section-height-default\" data-eae-slider=\"27395\" data-id=\"6df1964\" data-element_type=\"section\" data-e-type=\"section\">\n\t\t\t\t\t\t<div class=\"elementor-container elementor-column-gap-no\">\n\t\t\t\t\t<div class=\"has_eae_slider elementor-column elementor-col-100 elementor-inner-column elementor-element elementor-element-9184981\" data-eae-slider=\"46522\" data-id=\"9184981\" data-element_type=\"column\" data-e-type=\"column\">\n\t\t\t<div class=\"elementor-widget-wrap elementor-element-populated\">\n\t\t\t\t\t\t<div class=\"elementor-element elementor-element-05d18cd elementor-widget elementor-widget-text-editor\" data-id=\"05d18cd\" data-element_type=\"widget\" data-e-type=\"widget\" data-widget_type=\"text-editor.default\">\n\t\t\t\t<div class=\"elementor-widget-container\">\n\t\t\t\t\t\t\t\t\t<p>Wir verwenden medizinisches Titan G23 und Chirurgenstahl 316L, um sicherzustellen, dass es keine Allergien, Reaktionen und Komplikationen mit Ihrem neuen Piercing gibt.<br \/>Diese Materialien k\u00f6nnen vergoldet oder ionisiert sein. Der gesamte Schmuck ist steril, wir verwenden nur Einwegnadeln und sterilisieren alle Piercingwerkzeuge. Wir bieten auch eine gro\u00dfe Auswahl an K\u00f6rperschmuck im Studio an.<br \/>Kostenlose Beratung nach Vereinbarung<\/p><p>Check out our piercing galley <a href=\"http:\/\/kordatattoo-com.preview-domain.com\/piercing-gallery\/\" target=\"_blank\" rel=\"noopener\">HIER<\/a><\/p>\t\t\t\t\t\t\t\t<\/div>\n\t\t\t\t<\/div>\n\t\t\t\t\t<\/div>\n\t\t<\/div>\n\t\t\t\t\t<\/div>\n\t\t<\/section>\n\t\t\t\t<div class=\"elementor-element elementor-element-724371c elementor-align-left elementor-mobile-align-center elementor-invisible elementor-widget elementor-widget-button\" data-id=\"724371c\" data-element_type=\"widget\" data-e-type=\"widget\" data-settings=\"{&quot;_animation&quot;:&quot;fadeIn&quot;,&quot;_animation_delay&quot;:400}\" data-widget_type=\"button.default\">\n\t\t\t\t<div class=\"elementor-widget-container\">\n\t\t\t\t\t\t\t\t\t<div class=\"elementor-button-wrapper\">\n\t\t\t\t\t<a class=\"elementor-button elementor-button-link elementor-size-md elementor-animation-bounce-in\" href=\"https:\/\/kordatattoo.com\/de\/contact-piercing\/\">\n\t\t\t\t\t\t<span class=\"elementor-button-content-wrapper\">\n\t\t\t\t\t\t<span class=\"elementor-button-icon\">\n\t\t\t\t<svg aria-hidden=\"true\" class=\"e-font-icon-svg e-fas-long-arrow-alt-right\" viewbox=\"0 0 448 512\" xmlns=\"http:\/\/www.w3.org\/2000\/svg\"><path d=\"M313.941 216H12c-6.627 0-12 5.373-12 12v56c0 6.627 5.373 12 12 12h301.941v46.059c0 21.382 25.851 32.09 40.971 16.971l86.059-86.059c9.373-9.373 9.373-24.569 0-33.941l-86.059-86.059c-15.119-15.119-40.971-4.411-40.971 16.971V216z\"><\/path><\/svg>\t\t\t<\/span>\n\t\t\t\t\t\t\t\t\t<span class=\"elementor-button-text\">Jetzt buchen<\/span>\n\t\t\t\t\t<\/span>\n\t\t\t\t\t<\/a>\n\t\t\t\t<\/div>\n\t\t\t\t\t\t\t\t<\/div>\n\t\t\t\t<\/div>\n\t\t\t\t<div class=\"elementor-element elementor-element-23e06cb elementor-widget elementor-widget-text-editor\" data-id=\"23e06cb\" data-element_type=\"widget\" data-e-type=\"widget\" data-widget_type=\"text-editor.default\">\n\t\t\t\t<div class=\"elementor-widget-container\">\n\t\t\t\t\t\t\t\t\t<p>Hinweis <br \/>* Wir verwenden keine Piercingpistolen. Alles ist mit Einweg-Nadel getan.<br \/>* Kunden unter 18 Jahren ben\u00f6tigen eine unterschriebene Einverst\u00e4ndniserkl\u00e4rung der Eltern und eine Ausweiskopie.<br \/>* Wir machen keine Piercings f\u00fcr Kunden unter 16 Jahren. <br \/>* Brustwarzenpiercings sind nur f\u00fcr Kunden ab 18 Jahren erh\u00e4ltlich.<\/p>\t\t\t\t\t\t\t\t<\/div>\n\t\t\t\t<\/div>\n\t\t\t\t\t<\/div>\n\t\t<\/div>\n\t\t\t\t<div class=\"has_eae_slider elementor-column elementor-col-50 elementor-top-column elementor-element elementor-element-39b7a7a\" data-eae-slider=\"51719\" data-id=\"39b7a7a\" data-element_type=\"column\" data-e-type=\"column\">\n\t\t\t<div class=\"elementor-widget-wrap elementor-element-populated\">\n\t\t\t\t\t\t<div class=\"elementor-element elementor-element-0467c69 elementor-widget elementor-widget-image\" data-id=\"0467c69\" data-element_type=\"widget\" data-e-type=\"widget\" data-widget_type=\"image.default\">\n\t\t\t\t<div class=\"elementor-widget-container\">\n\t\t\t\t\t\t\t\t\t\t\t\t\t\t\t<img decoding=\"async\" src=\"https:\/\/kordatattoo.com\/wp-content\/uploads\/elementor\/thumbs\/20240217_171617-copy.jpg-qxw1g44nhzvpo1znu2lkh6f8cym2sqqzkyyokb6icw.webp\" title=\"20240217_171617-copy.jpg\" alt=\"Marina, piercer working in Z\u00fcrich\" loading=\"lazy\" \/>\t\t\t\t\t\t\t\t\t\t\t\t\t\t\t<\/div>\n\t\t\t\t<\/div>\n\t\t\t\t<div class=\"elementor-element elementor-element-3458547 elementor-widget elementor-widget-text-editor\" data-id=\"3458547\" data-element_type=\"widget\" data-e-type=\"widget\" data-widget_type=\"text-editor.default\">\n\t\t\t\t<div class=\"elementor-widget-container\">\n\t\t\t\t\t\t\t\t\t<p>Piercer: Marina Jurisic<\/p>\t\t\t\t\t\t\t\t<\/div>\n\t\t\t\t<\/div>\n\t\t\t\t<div class=\"elementor-element elementor-element-adbb497 elementor-widget elementor-widget-text-editor\" data-id=\"adbb497\" data-element_type=\"widget\" data-e-type=\"widget\" data-widget_type=\"text-editor.default\">\n\t\t\t\t<div class=\"elementor-widget-container\">\n\t\t\t\t\t\t\t\t\t<p>In the business since 2015.<\/p>\t\t\t\t\t\t\t\t<\/div>\n\t\t\t\t<\/div>\n\t\t\t\t\t<\/div>\n\t\t<\/div>\n\t\t\t\t\t<\/div>\n\t\t<\/section>\n\t\t\t\t<section class=\"has_eae_slider elementor-section elementor-top-section elementor-element elementor-element-9aa73ed elementor-section-height-min-height elementor-section-boxed elementor-section-height-default elementor-section-items-middle\" data-eae-slider=\"34649\" data-id=\"9aa73ed\" data-element_type=\"section\" data-e-type=\"section\" data-settings=\"{&quot;background_background&quot;:&quot;classic&quot;}\">\n\t\t\t\t\t\t<div class=\"elementor-container elementor-column-gap-default\">\n\t\t\t\t\t<div class=\"has_eae_slider elementor-column elementor-col-100 elementor-top-column elementor-element elementor-element-b84218a\" data-eae-slider=\"38760\" data-id=\"b84218a\" data-element_type=\"column\" data-e-type=\"column\">\n\t\t\t<div class=\"elementor-widget-wrap elementor-element-populated\">\n\t\t\t\t\t\t<div class=\"elementor-element elementor-element-341b6a0 elementor-widget elementor-widget-image\" data-id=\"341b6a0\" data-element_type=\"widget\" data-e-type=\"widget\" data-widget_type=\"image.default\">\n\t\t\t\t<div class=\"elementor-widget-container\">\n\t\t\t\t\t\t\t\t\t\t\t\t\t\t\t<img fetchpriority=\"high\" decoding=\"async\" width=\"1024\" height=\"739\" src=\"https:\/\/kordatattoo.com\/wp-content\/uploads\/2024\/12\/PIERCING-PRICE-LIST-1024x739.png\" class=\"attachment-large size-large wp-image-4848\" alt=\"Piercing price list Z\u00fcrich\" srcset=\"https:\/\/kordatattoo.com\/wp-content\/uploads\/2024\/12\/PIERCING-PRICE-LIST-1024x739.png 1024w, https:\/\/kordatattoo.com\/wp-content\/uploads\/2024\/12\/PIERCING-PRICE-LIST-300x216.png 300w, https:\/\/kordatattoo.com\/wp-content\/uploads\/2024\/12\/PIERCING-PRICE-LIST-768x554.png 768w, https:\/\/kordatattoo.com\/wp-content\/uploads\/2024\/12\/PIERCING-PRICE-LIST-1536x1108.png 1536w, https:\/\/kordatattoo.com\/wp-content\/uploads\/2024\/12\/PIERCING-PRICE-LIST-2048x1477.png 2048w, https:\/\/kordatattoo.com\/wp-content\/uploads\/2024\/12\/PIERCING-PRICE-LIST-18x12.png 18w, https:\/\/kordatattoo.com\/wp-content\/uploads\/2024\/12\/PIERCING-PRICE-LIST-600x433.png 600w\" sizes=\"(max-width: 1024px) 100vw, 1024px\" \/>\t\t\t\t\t\t\t\t\t\t\t\t\t\t\t<\/div>\n\t\t\t\t<\/div>\n\t\t\t\t\t<\/div>\n\t\t<\/div>\n\t\t\t\t\t<\/div>\n\t\t<\/section>\n\t\t\t\t<\/div>","protected":false},"excerpt":{"rendered":"<p>ICONIC PIERCINGS ENDLESS STYLE For Everyone Best piercing service In z\u00fcrich city Here in Korda Tattoo Collective Z\u00fcrich, we pay a lot of attention to hygiene and materials used in piercing. We use medical grade titanium G23 and surgical steel 316L to make sure it does not cause any allergies, reactions and complications with your [&hellip;]<\/p>\n","protected":false},"author":119255641,"featured_media":943,"parent":0,"menu_order":0,"comment_status":"closed","ping_status":"closed","template":"","meta":{"footnotes":""},"class_list":["post-68","page","type-page","status-publish","has-post-thumbnail","hentry"],"blocksy_meta":[],"_links":{"self":[{"href":"https:\/\/kordatattoo.com\/de\/wp-json\/wp\/v2\/pages\/68","targetHints":{"allow":["GET"]}}],"collection":[{"href":"https:\/\/kordatattoo.com\/de\/wp-json\/wp\/v2\/pages"}],"about":[{"href":"https:\/\/kordatattoo.com\/de\/wp-json\/wp\/v2\/types\/page"}],"author":[{"embeddable":true,"href":"https:\/\/kordatattoo.com\/de\/wp-json\/wp\/v2\/users\/119255641"}],"replies":[{"embeddable":true,"href":"https:\/\/kordatattoo.com\/de\/wp-json\/wp\/v2\/comments?post=68"}],"version-history":[{"count":102,"href":"https:\/\/kordatattoo.com\/de\/wp-json\/wp\/v2\/pages\/68\/revisions"}],"predecessor-version":[{"id":5080,"href":"https:\/\/kordatattoo.com\/de\/wp-json\/wp\/v2\/pages\/68\/revisions\/5080"}],"wp:featuredmedia":[{"embeddable":true,"href":"https:\/\/kordatattoo.com\/de\/wp-json\/wp\/v2\/media\/943"}],"wp:attachment":[{"href":"https:\/\/kordatattoo.com\/de\/wp-json\/wp\/v2\/media?parent=68"}],"curies":[{"name":"wp","href":"https:\/\/api.w.org\/{rel}","templated":true}]}}